{"id":133,"date":"2022-09-13T22:19:22","date_gmt":"2022-09-13T22:19:22","guid":{"rendered":"https:\/\/www.reagro.pt\/?page_id=133"},"modified":"2023-07-05T15:50:33","modified_gmt":"2023-07-05T15:50:33","slug":"nutricao","status":"publish","type":"page","link":"https:\/\/siteantigo.reagro.pt\/en\/nutricao\/","title":{"rendered":"NUTRITION"},"content":{"rendered":"<p>[et_pb_section fb_built=&#8221;1&#8243; custom_padding_last_edited=&#8221;on|tablet&#8221; _builder_version=&#8221;4.18.0&#8243; _module_preset=&#8221;default&#8221; custom_padding=&#8221;||15px||false|false&#8221; custom_padding_tablet=&#8221;15px||||false|false&#8221; custom_padding_phone=&#8221;15px||||false|false&#8221; locked=&#8221;off&#8221; global_colors_info=&#8221;{}&#8221;][et_pb_row make_equal=&#8221;on&#8221; _builder_version=&#8221;4.18.0&#8243; _module_preset=&#8221;default&#8221; global_colors_info=&#8221;{}&#8221;][et_pb_column type=&#8221;4_4&#8243; _builder_version=&#8221;4.18.0&#8243; _module_preset=&#8221;default&#8221; global_colors_info=&#8221;{}&#8221;][et_pb_text _builder_version=&#8221;4.21.0&#8243; _module_preset=&#8221;default&#8221; text_font=&#8221;|700|||||||&#8221; text_text_color=&#8221;#00759A&#8221; text_font_size=&#8221;20px&#8221; text_line_height=&#8221;1.4em&#8221; text_font_size_tablet=&#8221;&#8221; text_font_size_phone=&#8221;&#8221; text_font_size_last_edited=&#8221;on|desktop&#8221; global_colors_info=&#8221;{}&#8221;]<\/p>\n<p>A Reagro oferece uma gama completa de solu\u00e7\u00f5es e servi\u00e7os essenciais de valor acrescentado, para fornecer gamas completas em nutri\u00e7\u00e3o animal.<\/p>\n<p>[\/et_pb_text][et_pb_text _builder_version=&#8221;4.21.0&#8243; _module_preset=&#8221;default&#8221; text_font=&#8221;|300|||||||&#8221; text_text_color=&#8221;#00759A&#8221; text_font_size=&#8221;20px&#8221; text_line_height=&#8221;1.4em&#8221; hover_enabled=&#8221;0&#8243; text_font_size_tablet=&#8221;&#8221; text_font_size_phone=&#8221;&#8221; text_font_size_last_edited=&#8221;on|phone&#8221; global_colors_info=&#8221;{}&#8221; sticky_enabled=&#8221;0&#8243;]<\/p>\n<p>Fornecemos solu\u00e7\u00f5es de nutri\u00e7\u00e3o animal adaptadas \u00e0s necessidades espec\u00edficas dos nossos clientes. Juntos, selecionamos ingredientes, formulamos e desenvolvemos solu\u00e7\u00f5es com base em investiga\u00e7\u00e3o, an\u00e1lise e suporte t\u00e9cnico.<\/p>\n<p>A nossa abordagem permite desenvolver e oferecer produtos focados na sa\u00fade e bem-estar animal, assentando nas principais tend\u00eancias globais e de mercado.<\/p>\n<p>Igualmente oferecemos ao mercado outros aditivos, pr\u00e9misturas e alimentos que se apresentam como solu\u00e7\u00f5es nutricionais e funcionais, verdadeiramente adaptadas aos atuais desafios do mercado, em aves, su\u00ednos, ruminantes, petfood e aquacultura.<\/p>\n<p>[\/et_pb_text][\/et_pb_column][\/et_pb_row][\/et_pb_section][et_pb_section fb_built=&#8221;1&#8243; _builder_version=&#8221;4.18.0&#8243; _module_preset=&#8221;default&#8221; use_background_color_gradient=&#8221;on&#8221; background_color_gradient_stops=&#8221;#8bd0a7 0%|#324b3c 100%&#8221; custom_padding=&#8221;15px||15px||true|false&#8221; locked=&#8221;off&#8221; global_colors_info=&#8221;{}&#8221;][et_pb_row _builder_version=&#8221;4.18.0&#8243; _module_preset=&#8221;default&#8221; global_colors_info=&#8221;{}&#8221;][et_pb_column type=&#8221;4_4&#8243; _builder_version=&#8221;4.18.0&#8243; _module_preset=&#8221;default&#8221; global_colors_info=&#8221;{}&#8221;][et_pb_text _builder_version=&#8221;4.21.0&#8243; _module_preset=&#8221;default&#8221; text_text_color=&#8221;#FFFFFF&#8221; text_font_size=&#8221;18px&#8221; header_2_font=&#8221;|||on|||||&#8221; header_2_text_color=&#8221;#FFFFFF&#8221; header_2_font_size=&#8221;32px&#8221; header_2_line_height=&#8221;1.1em&#8221; header_2_font_size_tablet=&#8221;28px&#8221; header_2_font_size_phone=&#8221;28px&#8221; header_2_font_size_last_edited=&#8221;on|phone&#8221; global_colors_info=&#8221;{}&#8221;]<\/p>\n<h2>Mat\u00e9rias Primas Especiais<\/h2>\n<p>Vitaminas<\/p>\n<p>Amino\u00e1cidos<\/p>\n<p>Pigmentantes<\/p>\n<p>Enzimas<\/p>\n<p>Probi\u00f3ticos<\/p>\n<p>Conservantes<\/p>\n<p>[\/et_pb_text][\/et_pb_column][\/et_pb_row][\/et_pb_section]<\/p>\n","protected":false},"excerpt":{"rendered":"<p>A Reagro oferece uma gama completa de solu\u00e7\u00f5es e servi\u00e7os essenciais de valor acrescentado, para fornecer gamas completas em nutri\u00e7\u00e3o animal.Fornecemos solu\u00e7\u00f5es de nutri\u00e7\u00e3o animal adaptadas \u00e0s necessidades espec\u00edficas dos nossos clientes. Juntos, selecionamos ingredientes, formulamos e desenvolvemos solu\u00e7\u00f5es com base em investiga\u00e7\u00e3o, an\u00e1lise e suporte t\u00e9cnico. A nossa abordagem permite desenvolver e oferecer produtos [&hellip;]<\/p>\n","protected":false},"author":1,"featured_media":718,"parent":0,"menu_order":0,"comment_status":"closed","ping_status":"closed","template":"","meta":{"_et_pb_use_builder":"on","_et_pb_old_content":"","_et_gb_content_width":"","footnotes":""},"class_list":["post-133","page","type-page","status-publish","has-post-thumbnail","hentry"],"_links":{"self":[{"href":"https:\/\/siteantigo.reagro.pt\/en\/wp-json\/wp\/v2\/pages\/133","targetHints":{"allow":["GET"]}}],"collection":[{"href":"https:\/\/siteantigo.reagro.pt\/en\/wp-json\/wp\/v2\/pages"}],"about":[{"href":"https:\/\/siteantigo.reagro.pt\/en\/wp-json\/wp\/v2\/types\/page"}],"author":[{"embeddable":true,"href":"https:\/\/siteantigo.reagro.pt\/en\/wp-json\/wp\/v2\/users\/1"}],"replies":[{"embeddable":true,"href":"https:\/\/siteantigo.reagro.pt\/en\/wp-json\/wp\/v2\/comments?post=133"}],"version-history":[{"count":19,"href":"https:\/\/siteantigo.reagro.pt\/en\/wp-json\/wp\/v2\/pages\/133\/revisions"}],"predecessor-version":[{"id":987494666,"href":"https:\/\/siteantigo.reagro.pt\/en\/wp-json\/wp\/v2\/pages\/133\/revisions\/987494666"}],"wp:featuredmedia":[{"embeddable":true,"href":"https:\/\/siteantigo.reagro.pt\/en\/wp-json\/wp\/v2\/media\/718"}],"wp:attachment":[{"href":"https:\/\/siteantigo.reagro.pt\/en\/wp-json\/wp\/v2\/media?parent=133"}],"curies":[{"name":"wp","href":"https:\/\/api.w.org\/{rel}","templated":true}]}}