{"id":88,"date":"2022-09-13T19:15:35","date_gmt":"2022-09-13T19:15:35","guid":{"rendered":"https:\/\/www.reagro.pt\/?page_id=88"},"modified":"2023-07-13T15:28:02","modified_gmt":"2023-07-13T15:28:02","slug":"industria","status":"publish","type":"page","link":"https:\/\/siteantigo.reagro.pt\/en\/industria\/","title":{"rendered":"INDUSTRY"},"content":{"rendered":"<p>[et_pb_section fb_built=&#8221;1&#8243; custom_padding_last_edited=&#8221;on|phone&#8221; _builder_version=&#8221;4.21.0&#8243; _module_preset=&#8221;default&#8221; custom_padding=&#8221;||||false|false&#8221; custom_padding_tablet=&#8221;15px||15px||true|false&#8221; custom_padding_phone=&#8221;15px||15px||false|false&#8221; global_colors_info=&#8221;{}&#8221;][et_pb_row make_equal=&#8221;on&#8221; _builder_version=&#8221;4.18.0&#8243; _module_preset=&#8221;default&#8221; global_colors_info=&#8221;{}&#8221;][et_pb_column type=&#8221;4_4&#8243; _builder_version=&#8221;4.18.0&#8243; _module_preset=&#8221;default&#8221; global_colors_info=&#8221;{}&#8221;][et_pb_text _builder_version=&#8221;4.21.0&#8243; _module_preset=&#8221;default&#8221; text_font=&#8221;|700|||||||&#8221; text_text_color=&#8221;#00759A&#8221; text_font_size=&#8221;20px&#8221; text_line_height=&#8221;1.4em&#8221; text_font_size_tablet=&#8221;20px&#8221; text_font_size_phone=&#8221;20px&#8221; text_font_size_last_edited=&#8221;on|tablet&#8221; global_colors_info=&#8221;{}&#8221;]<\/p>\n<p>A Reagro processa industrialmente nas suas instala\u00e7\u00f5es em Salvaterra de Magos uma variedade de mat\u00e9rias-primas para alimenta\u00e7\u00e3o animal, complementado a sua oferta ao mercado da agropecu\u00e1ria.<\/p>\n<p>[\/et_pb_text][et_pb_text _builder_version=&#8221;4.21.0&#8243; _module_preset=&#8221;default&#8221; text_font=&#8221;|300|||||||&#8221; text_text_color=&#8221;#00759A&#8221; text_font_size=&#8221;20px&#8221; text_line_height=&#8221;1.4em&#8221; text_font_size_tablet=&#8221;20px&#8221; text_font_size_phone=&#8221;20px&#8221; text_font_size_last_edited=&#8221;on|desktop&#8221; global_colors_info=&#8221;{}&#8221;]<\/p>\n<p>Processos Base:<\/p>\n<ul>\n<li>Tratamento T\u00e9rmico de Cereais e Oleaginosas atrav\u00e9s dos processos tecnol\u00f3gicos de extrus\u00e3o e floculagem.<\/li>\n<li>Misturas e Pr\u00e9-Misturas utilizadas na produ\u00e7\u00e3o de ra\u00e7\u00f5es para as v\u00e1rias esp\u00e9cies<\/li>\n<li>Alimentos completos para equ\u00eddeos, utilizando as mais eficientes formula\u00e7\u00f5es que visam assegurar o cumprimento de todos os par\u00e2metros nutricionais, garantindo a sa\u00fade, o bem-estar e a otimiza\u00e7\u00e3o de performance de todos os cavalos.<\/li>\n<\/ul>\n<p>Nos processos industriais, nomeadamente da extrus\u00e3o e da flocagem, a Reagro trabalha em conjunto com o seu agrupamento de produtores para transformar as colheitas nacionais em ingredientes de alta qualidade podendo fornecer aos seus clientes um fornecimento consistente durante todo o ano.<\/p>\n<p>Atrav\u00e9s de parcerias estrat\u00e9gicas com unidades industriais de extra\u00e7\u00e3o, a Reagro interv\u00e9m no mercado das oleaginosas, extraindo o \u00f3leo e baga\u00e7o da semente de soja.<\/p>\n<p>Actualmente disp\u00f5e de uma capacidade de armazenagem pr\u00f3pria de aproximadamente 63K\/tons.<\/p>\n<p>[\/et_pb_text][\/et_pb_column][\/et_pb_row][\/et_pb_section]<\/p>\n","protected":false},"excerpt":{"rendered":"<p>A Reagro processa industrialmente nas suas instala\u00e7\u00f5es em Salvaterra de Magos uma variedade de mat\u00e9rias-primas para alimenta\u00e7\u00e3o animal, complementado a sua oferta ao mercado da agropecu\u00e1ria.Processos Base: Tratamento T\u00e9rmico de Cereais e Oleaginosas atrav\u00e9s dos processos tecnol\u00f3gicos de extrus\u00e3o e floculagem. Misturas e Pr\u00e9-Misturas utilizadas na produ\u00e7\u00e3o de ra\u00e7\u00f5es para as v\u00e1rias esp\u00e9cies Alimentos completos [&hellip;]<\/p>\n","protected":false},"author":1,"featured_media":987494651,"parent":0,"menu_order":0,"comment_status":"closed","ping_status":"closed","template":"","meta":{"_et_pb_use_builder":"on","_et_pb_old_content":"","_et_gb_content_width":"","footnotes":""},"class_list":["post-88","page","type-page","status-publish","has-post-thumbnail","hentry"],"_links":{"self":[{"href":"https:\/\/siteantigo.reagro.pt\/en\/wp-json\/wp\/v2\/pages\/88","targetHints":{"allow":["GET"]}}],"collection":[{"href":"https:\/\/siteantigo.reagro.pt\/en\/wp-json\/wp\/v2\/pages"}],"about":[{"href":"https:\/\/siteantigo.reagro.pt\/en\/wp-json\/wp\/v2\/types\/page"}],"author":[{"embeddable":true,"href":"https:\/\/siteantigo.reagro.pt\/en\/wp-json\/wp\/v2\/users\/1"}],"replies":[{"embeddable":true,"href":"https:\/\/siteantigo.reagro.pt\/en\/wp-json\/wp\/v2\/comments?post=88"}],"version-history":[{"count":29,"href":"https:\/\/siteantigo.reagro.pt\/en\/wp-json\/wp\/v2\/pages\/88\/revisions"}],"predecessor-version":[{"id":987494734,"href":"https:\/\/siteantigo.reagro.pt\/en\/wp-json\/wp\/v2\/pages\/88\/revisions\/987494734"}],"wp:featuredmedia":[{"embeddable":true,"href":"https:\/\/siteantigo.reagro.pt\/en\/wp-json\/wp\/v2\/media\/987494651"}],"wp:attachment":[{"href":"https:\/\/siteantigo.reagro.pt\/en\/wp-json\/wp\/v2\/media?parent=88"}],"curies":[{"name":"wp","href":"https:\/\/api.w.org\/{rel}","templated":true}]}}