{"id":987494267,"date":"2023-07-03T11:43:26","date_gmt":"2023-07-03T11:43:26","guid":{"rendered":"https:\/\/www.reagro.pt\/?page_id=987494267"},"modified":"2023-07-05T14:11:23","modified_gmt":"2023-07-05T14:11:23","slug":"informacao-financeira","status":"publish","type":"page","link":"https:\/\/siteantigo.reagro.pt\/en\/informacao-financeira\/","title":{"rendered":"Financial Information"},"content":{"rendered":"<p>[et_pb_section fb_built=&#8221;1&#8243; _builder_version=&#8221;4.21.0&#8243; _module_preset=&#8221;default&#8221; global_colors_info=&#8221;{}&#8221;][et_pb_row _builder_version=&#8221;4.21.0&#8243; _module_preset=&#8221;default&#8221; locked=&#8221;off&#8221; global_colors_info=&#8221;{}&#8221;][et_pb_column type=&#8221;4_4&#8243; _builder_version=&#8221;4.21.0&#8243; _module_preset=&#8221;default&#8221; global_colors_info=&#8221;{}&#8221;][et_pb_text _builder_version=&#8221;4.21.0&#8243; _module_preset=&#8221;default&#8221; text_font=&#8221;|700|||||||&#8221; text_text_color=&#8221;#00759A&#8221; text_font_size=&#8221;20px&#8221; text_line_height=&#8221;1.4em&#8221; text_font_size_tablet=&#8221;&#8221; text_font_size_phone=&#8221;&#8221; text_font_size_last_edited=&#8221;on|phone&#8221; locked=&#8221;off&#8221; global_colors_info=&#8221;{}&#8221;]<\/p>\n<p>2022<\/p>\n<p>[\/et_pb_text][et_pb_text _builder_version=&#8221;4.21.0&#8243; _module_preset=&#8221;default&#8221; text_font=&#8221;|700|||||||&#8221; text_text_color=&#8221;#00759A&#8221; text_font_size=&#8221;20px&#8221; text_line_height=&#8221;1.4em&#8221; custom_margin=&#8221;||0px||false|false&#8221; custom_padding=&#8221;||||false|false&#8221; hover_enabled=&#8221;0&#8243; text_font_size_tablet=&#8221;20px&#8221; text_font_size_phone=&#8221;20px&#8221; text_font_size_last_edited=&#8221;on|phone&#8221; global_colors_info=&#8221;{}&#8221; sticky_enabled=&#8221;0&#8243;]<\/p>\n<ul>\n<li style=\"list-style-type: none;\">\n<ul>\n<li><a href=\"\/wp-content\/uploads\/2023\/07\/Reagro-Relatorio-e-Contas-2022.pdf\" target=\"_blank\" rel=\"noopener\">Relat\u00f3rio e Contas<\/a><\/li>\n<li><a href=\"\/wp-content\/uploads\/2023\/07\/Reagro-CLC-2022.pdf\" target=\"_blank\" rel=\"noopener\">Certifica\u00e7\u00e3o Legal de Contas<\/a><\/li>\n<\/ul>\n<\/li>\n<\/ul>\n<p>[\/et_pb_text][et_pb_text _builder_version=&#8221;4.21.0&#8243; _module_preset=&#8221;default&#8221; text_font=&#8221;|700|||||||&#8221; text_text_color=&#8221;#00759A&#8221; text_font_size=&#8221;20px&#8221; text_line_height=&#8221;1.4em&#8221; link_option_url=&#8221;#&#8221; text_font_size_tablet=&#8221;&#8221; text_font_size_phone=&#8221;&#8221; text_font_size_last_edited=&#8221;on|phone&#8221; locked=&#8221;off&#8221; global_colors_info=&#8221;{}&#8221;]<\/p>\n<p>2021<\/p>\n<p>[\/et_pb_text][et_pb_text _builder_version=&#8221;4.21.0&#8243; _module_preset=&#8221;default&#8221; text_font=&#8221;|700|||||||&#8221; text_text_color=&#8221;#00759A&#8221; text_font_size=&#8221;20px&#8221; text_line_height=&#8221;1.4em&#8221; custom_margin=&#8221;||0px||false|false&#8221; custom_padding=&#8221;||||false|false&#8221; hover_enabled=&#8221;0&#8243; text_font_size_tablet=&#8221;20px&#8221; text_font_size_phone=&#8221;20px&#8221; text_font_size_last_edited=&#8221;on|phone&#8221; global_colors_info=&#8221;{}&#8221; sticky_enabled=&#8221;0&#8243;]<\/p>\n<ul>\n<li style=\"list-style-type: none;\">\n<ul>\n<li><a href=\"\/wp-content\/uploads\/2023\/07\/Reagro-Relatorio-e-Contas-2021.pdf\" target=\"_blank\" rel=\"noopener\">Relat\u00f3rio e Contas<\/a><\/li>\n<li><a href=\"\/wp-content\/uploads\/2023\/07\/Reagro-CLC-Cons.-2021.pdf\" target=\"_blank\" rel=\"noopener\">Certifica\u00e7\u00e3o Legal de Contas<\/a><\/li>\n<li><a href=\"\/wp-content\/uploads\/2023\/07\/Reagro-Relatorio-e-Contas-Consolidadas-2021.pdf\" target=\"_blank\" rel=\"noopener\">Relat\u00f3rio e contas consolidadas<\/a><\/li>\n<li><a href=\"\/wp-content\/uploads\/2023\/07\/Reagro_CLC-Ind.-2021.pdf\" target=\"_blank\" rel=\"noopener\">Certifica\u00e7\u00e3o Legal de Contas<\/a><\/li>\n<\/ul>\n<\/li>\n<\/ul>\n<p>[\/et_pb_text][\/et_pb_column][\/et_pb_row][\/et_pb_section]<\/p>\n","protected":false},"excerpt":{"rendered":"<p>2022 Relat\u00f3rio e Contas Certifica\u00e7\u00e3o Legal de Contas 2021 Relat\u00f3rio e Contas Certifica\u00e7\u00e3o Legal de Contas Relat\u00f3rio e contas consolidadas Certifica\u00e7\u00e3o Legal de Contas<\/p>","protected":false},"author":1,"featured_media":987494621,"parent":0,"menu_order":0,"comment_status":"closed","ping_status":"closed","template":"","meta":{"_et_pb_use_builder":"on","_et_pb_old_content":"","_et_gb_content_width":"","footnotes":""},"class_list":["post-987494267","page","type-page","status-publish","has-post-thumbnail","hentry"],"_links":{"self":[{"href":"https:\/\/siteantigo.reagro.pt\/en\/wp-json\/wp\/v2\/pages\/987494267","targetHints":{"allow":["GET"]}}],"collection":[{"href":"https:\/\/siteantigo.reagro.pt\/en\/wp-json\/wp\/v2\/pages"}],"about":[{"href":"https:\/\/siteantigo.reagro.pt\/en\/wp-json\/wp\/v2\/types\/page"}],"author":[{"embeddable":true,"href":"https:\/\/siteantigo.reagro.pt\/en\/wp-json\/wp\/v2\/users\/1"}],"replies":[{"embeddable":true,"href":"https:\/\/siteantigo.reagro.pt\/en\/wp-json\/wp\/v2\/comments?post=987494267"}],"version-history":[{"count":8,"href":"https:\/\/siteantigo.reagro.pt\/en\/wp-json\/wp\/v2\/pages\/987494267\/revisions"}],"predecessor-version":[{"id":987494634,"href":"https:\/\/siteantigo.reagro.pt\/en\/wp-json\/wp\/v2\/pages\/987494267\/revisions\/987494634"}],"wp:featuredmedia":[{"embeddable":true,"href":"https:\/\/siteantigo.reagro.pt\/en\/wp-json\/wp\/v2\/media\/987494621"}],"wp:attachment":[{"href":"https:\/\/siteantigo.reagro.pt\/en\/wp-json\/wp\/v2\/media?parent=987494267"}],"curies":[{"name":"wp","href":"https:\/\/api.w.org\/{rel}","templated":true}]}}